{"id":9,"date":"2020-09-17T22:49:34","date_gmt":"2020-09-18T01:49:34","guid":{"rendered":"https:\/\/web.xpi.com.br\/etfs\/?page_id=9"},"modified":"2021-09-29T14:23:18","modified_gmt":"2021-09-29T17:23:18","slug":"xfix11","status":"publish","type":"page","link":"https:\/\/web.xpi.com.br\/etfs\/xfix11\/","title":{"rendered":"Home &#8211; XFIX11"},"content":{"rendered":"\n<div class=\"container-fluid wp-block-hero-image-text-cta\" style=\"background-image: url(https:\/\/www.xpasset.com.br\/etfs\/wp-content\/uploads\/sites\/10\/2020\/11\/shutterstock_774140332.jpg)\" class=\"wp-block-xp-asset-hero-image-text-cta\"><div class=\"container\"><div class=\"row\"><div class=\"col-lg-5\"><div class=\"wp-block-hero-image-text-cta__text text-white\"><h3>Trend ETF IFIX<\/h3><p>Invista no primeiro ETF de Fundos Imobili\u00e1rios do Brasil.<\/p><\/div><div class=\"wp-block-hero-image-text-cta__button\">\n<div class=\"wp-block-button\"><a class=\"wp-block-button__link\" href=\"https:\/\/www.xpasset.com.br\/etfs\/xfix11\/o-fundo\/\">Conhe\u00e7a o fundo<\/a><\/div>\n<\/div><\/div><\/div><\/div><\/div>\n\n\n\n<div class=\"container-fluid wp-block-title-page\" class=\"wp-block-xp-asset-title-page\"><div class=\"container\"><div class=\"row\"><div class=\"col-xs-12 col-sm-12 wp-block-title-page__title\"><h1>Sobre o fundo<\/h1><\/div><\/div><\/div><\/div>\n\n\n\n<div class=\"container-fluid wp-block-text-two-coluns\" class=\"wp-block-xp-asset-text-two-coluns\"><div class=\"container\"><div class=\"wp-block-text-two-coluns__content\"><div class=\"row\">\n<div class=\"col-12 col-sm-12 col-md-6 col-lg-6 col-xl-6 wp-block-text-two-coluns__content__item\" class=\"wp-block-xp-asset-text-two-coluns-item\"><h2><\/h2><p>O Trend ETF IFIX \u00e9 mais uma novidade da fam\u00edlia Trend. Esse ETF replica o IFIX-L, um \u00edndice que mede o indicador de desempenho m\u00e9dio das cota\u00e7\u00f5es dos fundos imobili\u00e1rios de maior liquidez negociados na B3.<br><br><\/p><\/div>\n<\/div><\/div><\/div><\/div>\n\n\n\n<div class=\"container-fluid wp-block-bgcolor-image-text\" style=\"background-color:#3e97d2\" class=\"wp-block-xp-asset-bgcolor-image-text\"><div class=\"container\"><div class=\"row\"><div class=\"col-lg-6 text-fluid-block\">\n<figure class=\"wp-block-image size-large\"><img decoding=\"async\" src=\"https:\/\/cms-xp-preprod.go-vip.net\/etfs\/wp-content\/uploads\/sites\/20\/2020\/11\/shutterstock_1315738712.png?w=600\" alt=\"\" class=\"wp-image-391\"\/><\/figure>\n<\/div><div class=\"col-lg-5 offset-lg-1 text-fluid-block\"><div class=\"wp-block-bgcolor-image-text-text text-white\"><h3>O que \u00e9 um<br>Fundo de \u00edndice?<\/h3><p>O ETF (Exchange Traded Fund ou Fundo de \u00cdndice) \u00e9 um fundo de investimento inovador, que pode ser comprado ou vendido como uma a\u00e7\u00e3o no preg\u00e3o da B3, por meio de uma corretora.\u00a0 O ETF replica a carteira de ativos de um \u00edndice do mercado, oferendo uma excelente op\u00e7\u00e3o de diversifica\u00e7\u00e3o de forma simplificada.<\/p><\/div><\/div><\/div><\/div><\/div>\n\n\n\n<div class=\"container-fluid wp-block-title-page\" class=\"wp-block-xp-asset-title-page\"><div class=\"container\"><div class=\"row\"><div class=\"col-xs-12 col-sm-12 wp-block-title-page__title\"><h1>Por que investir em ETFs?<\/h1><\/div><\/div><\/div><\/div>\n\n\n\n<div class=\"container-fluid wp-block-text-three-coluns\" class=\"wp-block-xp-asset-text-three-coluns\"><div class=\"container\"><div class=\"wp-block-text-three-coluns__content\"><div class=\"row\">\n<div class=\"col-12 col-sm-12 col-md-4 col-lg-4 col-xl-4 wp-block-text-three-coluns__content__item\" class=\"wp-block-xp-asset-text-three-coluns-item\"><h2>Sofistica\u00e7\u00e3o com baixo custo<\/h2><p>Atrav\u00e9s dos ETFs, voc\u00ea tem acesso a cestas de ativos negociados em bolsas de valores do mundo todo, com taxas de administra\u00e7\u00e3o super baixas.<\/p><\/div>\n\n\n\n<div class=\"col-12 col-sm-12 col-md-4 col-lg-4 col-xl-4 wp-block-text-three-coluns__content__item\" class=\"wp-block-xp-asset-text-three-coluns-item\"><h2>Liquidez<\/h2><p>Como as cotas dos ETFs s\u00e3o negociadas na bolsa de valores, voc\u00ea tem a facilidade de poder compr\u00e1-las ou vend\u00ea-las quando desejar pela sua corretora de prefer\u00eancia.<\/p><\/div>\n<\/div><\/div><\/div><\/div>\n\n\n\n<div class=\"container-fluid wp-block-bgcolor-warning\" style=\"background-color:#3e97d2\" class=\"wp-block-xp-asset-bgcolor-warning\"><div class=\"container\"><div class=\"accordion\"><input type=\"checkbox\" id=\"tm\"\/><p class=\"hiddentext\">A autoriza\u00e7\u00e3o para venda e negocia\u00e7\u00e3o de cotas do fundo n\u00e3o implica, por parte da CVM, garantia de veracidade das informa\u00e7\u00f5es prestadas ou julgamento sobre a qualidade do fundo ou de seu administrado.<br><br>Para confirmar se este \u00e9 um fundo cadastrado, acesse a p\u00e1gina da CVM.<br><br><a rel=\"noreferrer noopener\" href=\"http:\/\/www.cvm.gov.br\/\" data-type=\"URL\" data-id=\"http:\/\/www.cvm.gov.br\/\" target=\"_blank\">Acessar p\u00e1gina da CVM<\/a><br><br><br>ESTA MODALIDADE DE INVESTIMENTO POSSUI OUTROS CUSTOS ENVOLVIDOS, ALEM DAS DESPESAS DO PR\u00d3PRIO FUNDO. ANTES DE INVESTIR, VERIFIQUE OS CUSTOS COM CORRETAGEM, EMOLUMENTOS E CUST\u00d3DIA.<br><br>O INVESTIMENTO EM FUNDOS DE \u00cdNDICE ENVOLVE RISCOS, INCLUSIVE DE DESCOLAMENTO DO \u00cdNDICE DE REFER\u00caNCIA E RELACIONADOS \u00c0 LIQUIDEZ DAS COTAS NO MERCADO SECUND\u00c1RIO. ANTES DE INVESTIR NO FUNDO, LEIA O REGULAMENTO E AS INFORMA\u00c7\u00d5ES CONSTANTES DO SITE (endere\u00e7o do website dedicado), EM ESPECIAL A SE\u00c7\u00c3O FATORES DE RISCO.\u201d; ii. \u201cAO INVESTIDOR \u00c9 RECOMENDADA A LEITURA CUIDADOSA DO REGULAMENTO DO FUNDO DE INVESTIMENTO AO APLICAR SEUS RECURSOS.\u201d; iii. \u201cESTE FUNDO DE INVESTIMENTO UTILIZA ESTRAT\u00c9GIAS COM DERIVATIVOS COMO PARTE INTEGRANTE DE SUA POL\u00cdTICA DE INVESTIMENTO. TAIS ESTRAT\u00c9GIAS, DA FORMA COMO S\u00c3O ADOTADAS, PODEM RESULTAR EM PERDAS PATRIMONIAIS PARA SEUS COTISTAS.<br><br>A presente Institui\u00e7\u00e3o aderiu ao C\u00f3digo ANBIMA de Regula\u00e7\u00e3o e Melhores Pr\u00e1ticas para os Fundos de Investimento.<br><br><br><a rel=\"noreferrer noopener\" href=\"https:\/\/www.anbima.com.br\/\" data-type=\"URL\" data-id=\"https:\/\/www.anbima.com.br\/\" target=\"_blank\">Acessar p\u00e1gina da anbima<\/a><\/p><label for=\"tm\" class=\"accordionitem\"><h2>Avisos<span class=\"arrow\"><span><\/span><span><\/span><\/span><\/h2><\/label><\/div><\/div><\/div>\n\n\n\n<p><\/p>\n","protected":false},"excerpt":{"rendered":"","protected":false},"author":32,"featured_media":0,"parent":0,"menu_order":0,"comment_status":"closed","ping_status":"closed","template":"","meta":{"footnotes":""},"class_list":["post-9","page","type-page","status-publish","hentry"],"acf":[],"jetpack_sharing_enabled":true,"_links":{"self":[{"href":"https:\/\/web.xpi.com.br\/etfs\/wp-json\/wp\/v2\/pages\/9","targetHints":{"allow":["GET"]}}],"collection":[{"href":"https:\/\/web.xpi.com.br\/etfs\/wp-json\/wp\/v2\/pages"}],"about":[{"href":"https:\/\/web.xpi.com.br\/etfs\/wp-json\/wp\/v2\/types\/page"}],"author":[{"embeddable":true,"href":"https:\/\/web.xpi.com.br\/etfs\/wp-json\/wp\/v2\/users\/32"}],"replies":[{"embeddable":true,"href":"https:\/\/web.xpi.com.br\/etfs\/wp-json\/wp\/v2\/comments?post=9"}],"version-history":[{"count":26,"href":"https:\/\/web.xpi.com.br\/etfs\/wp-json\/wp\/v2\/pages\/9\/revisions"}],"predecessor-version":[{"id":2845,"href":"https:\/\/web.xpi.com.br\/etfs\/wp-json\/wp\/v2\/pages\/9\/revisions\/2845"}],"wp:attachment":[{"href":"https:\/\/web.xpi.com.br\/etfs\/wp-json\/wp\/v2\/media?parent=9"}],"curies":[{"name":"wp","href":"https:\/\/api.w.org\/{rel}","templated":true}]}}