{"id":333,"date":"2020-11-30T11:58:41","date_gmt":"2020-11-30T14:58:41","guid":{"rendered":"https:\/\/web.xpi.com.br\/etfs\/?page_id=333"},"modified":"2021-01-12T20:30:42","modified_gmt":"2021-01-12T23:30:42","slug":"historico-de-cotas","status":"publish","type":"page","link":"https:\/\/web.xpi.com.br\/etfs\/gold11\/historico-de-cotas\/","title":{"rendered":"Hist\u00f3rico de cotas &#8211; GOLD11"},"content":{"rendered":"\n<div class=\"container-fluid wp-block-title-page\" class=\"wp-block-xp-asset-title-page\"><div class=\"container\"><div class=\"row\"><div class=\"col-xs-12 col-sm-12 wp-block-title-page__title\"><h1>Trend<br>ETF LBMA Ouro<\/h1><\/div><\/div><\/div><\/div>\n\n\n\n<div class=\"container-fluid wp-block-basket\" class=\"wp-block-xp-asset-basket\"><div class=\"container\"><div class=\"row\"><div class=\"col-sm-12 wp-block-button\"><a id=\"basket-button\" class=\"wp-cesta-ativos-button\" ticker=\"gold11\">Cesta de Ativos<\/a><\/div><\/div><\/div><\/div>\n\n\n\n<div style=\"border: 0px solid #333; height: 50px;\"><\/div>\n\n\n\n<div class=\"container-fluid wp-block-buttons-list\" class=\"wp-block-xp-asset-buttons-list\"><div class=\"container\"><div class=\"wp-block-buttons-list__content\"><div class=\"row\"><div class=\"col-xs-12 col-sm-12 d-flex\">\n<div class=\"wp-block-button\"><a class=\"wp-block-button__link\" href=\"https:\/\/www.xpasset.com.br\/etfs\/gold11\/o-fundo\/\">O fundo<\/a><\/div>\n\n\n\n<div class=\"wp-block-button active\"><a class=\"wp-block-button__link\">Hist\u00f3rico de cotas<\/a><\/div>\n\n\n\n<div class=\"wp-block-button\"><a class=\"wp-block-button__link\" href=\"https:\/\/www.xpasset.com.br\/etfs\/gold11\/rentabilidade\/\">Rentabilidade<\/a><\/div>\n\n\n\n<div class=\"wp-block-button\"><a class=\"wp-block-button__link\" href=\"https:\/\/www.xpasset.com.br\/etfs\/gold11\/composicao-da-carteira\/\">Composi\u00e7\u00e3o da carteira<\/a><\/div>\n\n\n\n<div class=\"wp-block-button\"><a class=\"wp-block-button__link\" href=\"https:\/\/www.xpasset.com.br\/etfs\/gold11\/documentos\/\">Documentos<\/a><\/div>\n<\/div><\/div><\/div><\/div><\/div>\n\n\n\n<div class=\"container-fluid wp-block-iframe\" class=\"wp-block-xp-asset-iframe\"><div class=\"container\"><div class=\"row\"><div class=\"col-12\"><h2 class=\"wp-block-iframe__title\"><\/h2><iframe loading=\"lazy\" allowfullscreen frameborder=\"0\" src=\"https:\/\/www.xpasset.com.br\/etfs-components\/#\/quota-history-table-sorting\/gold11\" height=\"850\" width=\"100%\"><\/iframe><\/div><\/div><\/div><\/div>\n\n\n\n<div class=\"container-fluid wp-block-bgcolor-warning\" style=\"background-color:#3e97d2\" class=\"wp-block-xp-asset-bgcolor-warning\"><div class=\"container\"><div class=\"accordion\"><input type=\"checkbox\" id=\"tm\"\/><p class=\"hiddentext\">A autoriza\u00e7\u00e3o para venda e negocia\u00e7\u00e3o de cotas do fundo n\u00e3o implica, por parte da CVM, garantia de veracidade das informa\u00e7\u00f5es prestadas ou julgamento sobre a qualidade do fundo ou de seu administrado<br><br>Para confirmar se este \u00e9 um fundo cadastrado, acesse a p\u00e1gina da CVM.<br><br><a rel=\"noreferrer noopener\" href=\"http:\/\/www.cvm.gov.br\/\" target=\"_blank\">ACESSAR P\u00c1GINA DA CVM<\/a><br><br>ESTA MODALIDADE DE INVESTIMENTO POSSUI OUTROS CUSTOS ENVOLVIDOS, ALEM DAS DESPESAS DO PR\u00d3PRIO FUNDO. ANTES DE INVESTIR, VERIFIQUE OS CUSTOS COM CORRETAGEM, EMOLUMENTOS E CUST\u00d3DIA.<br><br>O INVESTIMENTO EM FUNDOS DE \u00cdNDICE ENVOLVE RISCOS, INCLUSIVE DE DESCOLAMENTO DO \u00cdNDICE DE REFER\u00caNCIA E RELACIONADOS \u00c0 LIQUIDEZ DAS COTAS NO MERCADO SECUND\u00c1RIO. ANTES DE INVESTIR NO FUNDO, LEIA O REGULAMENTO E AS INFORMA\u00c7\u00d5ES CONSTANTES DO SITE (endere\u00e7o do website dedicado), EM ESPECIAL A SE\u00c7\u00c3O FATORES DE RISCO.\u201d; ii. \u201cAO INVESTIDOR \u00c9 RECOMENDADA A LEITURA CUIDADOSA DO REGULAMENTO DO FUNDO DE INVESTIMENTO AO APLICAR SEUS RECURSOS.\u201d; iii. \u201cESTE FUNDO DE INVESTIMENTO UTILIZA ESTRAT\u00c9GIAS COM DERIVATIVOS COMO PARTE INTEGRANTE DE SUA POL\u00cdTICA DE INVESTIMENTO. TAIS ESTRAT\u00c9GIAS, DA FORMA COMO S\u00c3O ADOTADAS, PODEM RESULTAR EM PERDAS PATRIMONIAIS PARA SEUS COTISTAS.<br><br>A presente Institui\u00e7\u00e3o aderiu ao C\u00f3digo ANBIMA de Regula\u00e7\u00e3o e Melhores Pr\u00e1ticas para os Fundos de Investimento.<br><br><a rel=\"noreferrer noopener\" href=\"https:\/\/www.anbima.com.br\/pt_br\/pagina-inicial.htm\" target=\"_blank\">ACESSAR P\u00c1GINA DA ANBIMA<\/a><\/p><label for=\"tm\" class=\"accordionitem\"><h2>Avisos<span class=\"arrow\"><span><\/span><span><\/span><\/span><\/h2><\/label><\/div><\/div><\/div>\n","protected":false},"excerpt":{"rendered":"","protected":false},"author":32,"featured_media":0,"parent":154,"menu_order":0,"comment_status":"closed","ping_status":"closed","template":"","meta":{"footnotes":""},"class_list":["post-333","page","type-page","status-publish","hentry"],"acf":[],"jetpack_sharing_enabled":true,"_links":{"self":[{"href":"https:\/\/web.xpi.com.br\/etfs\/wp-json\/wp\/v2\/pages\/333","targetHints":{"allow":["GET"]}}],"collection":[{"href":"https:\/\/web.xpi.com.br\/etfs\/wp-json\/wp\/v2\/pages"}],"about":[{"href":"https:\/\/web.xpi.com.br\/etfs\/wp-json\/wp\/v2\/types\/page"}],"author":[{"embeddable":true,"href":"https:\/\/web.xpi.com.br\/etfs\/wp-json\/wp\/v2\/users\/32"}],"replies":[{"embeddable":true,"href":"https:\/\/web.xpi.com.br\/etfs\/wp-json\/wp\/v2\/comments?post=333"}],"version-history":[{"count":15,"href":"https:\/\/web.xpi.com.br\/etfs\/wp-json\/wp\/v2\/pages\/333\/revisions"}],"predecessor-version":[{"id":3595,"href":"https:\/\/web.xpi.com.br\/etfs\/wp-json\/wp\/v2\/pages\/333\/revisions\/3595"}],"up":[{"embeddable":true,"href":"https:\/\/web.xpi.com.br\/etfs\/wp-json\/wp\/v2\/pages\/154"}],"wp:attachment":[{"href":"https:\/\/web.xpi.com.br\/etfs\/wp-json\/wp\/v2\/media?parent=333"}],"curies":[{"name":"wp","href":"https:\/\/api.w.org\/{rel}","templated":true}]}}