{"id":2594,"date":"2021-08-30T14:28:02","date_gmt":"2021-08-30T17:28:02","guid":{"rendered":"https:\/\/www.xpasset.com.br\/etfs\/?page_id=2594"},"modified":"2024-10-22T08:51:31","modified_gmt":"2024-10-22T11:51:31","slug":"documentos","status":"publish","type":"page","link":"https:\/\/web.xpi.com.br\/etfs\/usal11\/documentos\/","title":{"rendered":"Documentos &#8211; USAL11"},"content":{"rendered":"\n<div class=\"container-fluid wp-block-title-page\" class=\"wp-block-xp-asset-title-page\"><div class=\"container\"><div class=\"row\"><div class=\"col-xs-12 col-sm-12 wp-block-title-page__title\"><h1>Trend ETF CRSP U.S. Large Cap<\/h1><\/div><\/div><\/div><\/div>\n\n\n\n<div class=\"container-fluid wp-block-basket\" class=\"wp-block-xp-asset-basket\"><div class=\"container\"><div class=\"row\"><div class=\"col-sm-12 wp-block-button\"><a id=\"basket-button\" class=\"wp-cesta-ativos-button\" ticker=\"usal11\">Cesta de Ativos<\/a><\/div><\/div><\/div><\/div>\n\n\n\n<div style=\"height: 30px;\"><\/div>\n\n\n\n<div class=\"container-fluid wp-block-buttons-list\" class=\"wp-block-xp-asset-buttons-list\"><div class=\"container\"><div class=\"wp-block-buttons-list__content\"><div class=\"row\"><div class=\"col-xs-12 col-sm-12 d-flex\">\n<div class=\"wp-block-button\"><a class=\"wp-block-button__link wp-element-button\" href=\"https:\/\/www.xpasset.com.br\/etfs\/usal11\/o-fundo\/\">O fundo<\/a><\/div>\n\n\n\n<div class=\"wp-block-button\"><a class=\"wp-block-button__link wp-element-button\" href=\"https:\/\/www.xpasset.com.br\/etfs\/usal11\/historico-de-cotas\/\">Hist\u00f3rico de cotas<\/a><\/div>\n\n\n\n<div class=\"wp-block-button\"><a class=\"wp-block-button__link wp-element-button\" href=\"https:\/\/www.xpasset.com.br\/etfs\/usal11\/rentabilidade\/\">Rentabilidade<\/a><\/div>\n\n\n\n<div class=\"wp-block-button\"><a class=\"wp-block-button__link wp-element-button\" href=\"https:\/\/www.xpasset.com.br\/etfs\/usal11\/composicao-da-carteira\/\">Composi\u00e7\u00e3o da carteira<\/a><\/div>\n\n\n\n<div class=\"wp-block-button active\"><a class=\"wp-block-button__link wp-element-button\">Documentos<\/a><\/div>\n<\/div><\/div><\/div><\/div><\/div>\n\n\n\n<div class=\"container-fluid\" class=\"wp-block-xp-asset-line-separator\"><div class=\"container\"><span class=\"separator\"><hr class=\"wp-block-separator is-style-wide\"\/><\/span><\/div><\/div>\n\n\n\n<div class=\"container-fluid wp-block-documents-list\" class=\"wp-block-xp-asset-documents-list\"><div class=\"container\"><div class=\"row\"><div class=\"col-xs-12 col-sm-12\"><h3 class=\"wp-block-documents-list__title\">Documentos referentes ao fundo Trend ETF CRSP U.S. Large Cap<\/h3><\/div><\/div><div class=\"wp-block-documents-list__content\"><div class=\"row\">\n<div class=\"wp-block-file\"><a href=\"https:\/\/www.xpasset.com.br\/etfs\/wp-content\/uploads\/sites\/10\/2022\/02\/USAL11-Tributacao.pdf\" target=\"_blank\" rel=\"noreferrer noopener\">Tributa\u00e7\u00e3o<\/a><\/div>\n\n\n\n<div class=\"wp-block-file\"><a href=\"https:\/\/www.xpasset.com.br\/etfs\/wp-content\/uploads\/sites\/10\/2022\/02\/USAL11-Regulamento.pdf\" target=\"_blank\" rel=\"noreferrer noopener\">Regulamento<\/a><\/div>\n\n\n\n<div class=\"wp-block-file\"><a href=\"https:\/\/www.xpasset.com.br\/etfs\/wp-content\/uploads\/sites\/10\/2022\/02\/USAL11-O-Indice.pdf\" target=\"_blank\" rel=\"noreferrer noopener\">O \u00cdndice<\/a><\/div>\n\n\n\n<div class=\"wp-block-file\"><a href=\"https:\/\/www.xpasset.com.br\/etfs\/wp-content\/uploads\/sites\/10\/2022\/02\/USAL11-Informacoes-Gerais.pdf\" target=\"_blank\" rel=\"noreferrer noopener\">Informa\u00e7\u00f5es Gerais<\/a><\/div>\n\n\n\n<div class=\"wp-block-file\"><a href=\"https:\/\/www.xpasset.com.br\/etfs\/wp-content\/uploads\/sites\/10\/2022\/02\/USAL11-Fatores-de-Risco.pdf\" target=\"_blank\" rel=\"noreferrer noopener\">Fatores de Risco<\/a><\/div>\n\n\n\n<div class=\"wp-block-file\"><a href=\"https:\/\/www.xpasset.com.br\/etfs\/wp-content\/uploads\/sites\/10\/2022\/02\/USAL11-Contrato-de-Agente-Autorizado.pdf\" target=\"_blank\" rel=\"noreferrer noopener\">Contrato de Agente Autorizado<\/a><\/div>\n\n\n\n<div class=\"wp-block-file\"><a href=\"https:\/\/www.xpasset.com.br\/etfs\/wp-content\/uploads\/sites\/10\/2022\/02\/USAL11-As-Cotas.pdf\" target=\"_blank\" rel=\"noreferrer noopener\">As Cotas<\/a><\/div>\n\n\n\n<div class=\"wp-block-file\"><a id=\"wp-block-file--media-2f836688-a90a-4c30-9083-178f3bc6afdb\" href=\"https:\/\/web.xpi.com.br\/etfs\/wp-content\/uploads\/sites\/10\/2024\/08\/BNP-I-Convocacao_Manifestacao-de-Voto_Trend-ETF-CRSP_Incorporador-2.pdf\">Convoca\u00e7\u00e3o e Manifesta\u00e7\u00e3o de Voto &#8211; Incorpora\u00e7\u00e3o<\/a><\/div>\n\n\n\n<div class=\"wp-block-file\"><a id=\"wp-block-file--media-5a9b2d56-ded6-4747-a78c-24a5953bfdd1\" href=\"https:\/\/www.xpasset.com.br\/etfs\/wp-content\/uploads\/sites\/10\/2024\/08\/Memorial-de-Incorporacao-3.pdf\">Memorial de Incorpora\u00e7\u00e3o<\/a><\/div>\n\n\n\n<div class=\"wp-block-file\"><a id=\"wp-block-file--media-781ad98d-ae84-45c0-b5a0-0845a0b940c1\" href=\"https:\/\/web.xpi.com.br\/etfs\/wp-content\/uploads\/sites\/10\/2024\/09\/BNP_Ata-AGE_Trend-ETF-CRSP_Incorporador_ass.pdf\">Ata AGE &#8211; Incorpora\u00e7\u00e3o<\/a><\/div>\n\n\n\n<div class=\"wp-block-file\"><a id=\"wp-block-file--media-d7366b75-b242-4285-8199-5d83fc712c0f\" href=\"https:\/\/web.xpi.com.br\/etfs\/wp-content\/uploads\/sites\/10\/2024\/09\/Sumario-de-Decisoes_Trend-ETF-MSCI-CRSP_Incorporador.pdf\">Sumario AGE &#8211; Incorpora\u00e7\u00e3o<\/a><\/div>\n\n\n\n<div class=\"wp-block-file\"><a id=\"wp-block-file--media-216bad65-59c1-465a-8594-37dea57bb9c4\" href=\"https:\/\/web.xpi.com.br\/etfs\/wp-content\/uploads\/sites\/10\/2024\/09\/BNP-_-Regulamento-Trend-ETF-CRSP-US-_-Final6901445.12.vf4_.pdf\">Novo Regulamento<\/a><\/div>\n\n\n\n<div class=\"wp-block-file\"><a id=\"wp-block-file--media-f2a2b1f8-d43c-47dd-9f16-671ad32297c7\" href=\"https:\/\/web.xpi.com.br\/etfs\/wp-content\/uploads\/sites\/10\/2024\/10\/Fato-Relevante-_-Relacao-de-Troca-_CRSP_Incorporador.pdf\">Fato Relevante \u2013 Rela\u00e7\u00e3o de Troca &#8211; Incorporador<\/a><\/div>\n\n\n\n<div class=\"wp-block-file\"><a id=\"wp-block-file--media-da16e775-c5b5-4b60-aa43-92e11c2b3e73\" href=\"https:\/\/web.xpi.com.br\/etfs\/wp-content\/uploads\/sites\/10\/2024\/10\/Comunicado_Leilao-de-Fracoes_CRSP_Incorporador.pdf\">Comunicado \u2013 Leil\u00e3o de Fra\u00e7\u00f5es<\/a><\/div>\n<\/div><\/div><\/div><\/div>\n\n\n\n<div class=\"container-fluid wp-block-bgcolor-warning\" style=\"background-color:#3e97d2\" class=\"wp-block-xp-asset-bgcolor-warning\"><div class=\"container\"><div class=\"accordion\"><input type=\"checkbox\" id=\"tm\"\/><p class=\"hiddentext\">A autoriza\u00e7\u00e3o para venda e negocia\u00e7\u00e3o de cotas do fundo n\u00e3o implica, por parte da CVM, garantia de veracidade das informa\u00e7\u00f5es prestadas ou julgamento sobre a qualidade do fundo ou de seu administrado<br><br>Para confirmar se este \u00e9 um fundo cadastrado, acesse a p\u00e1gina da CVM.<br><br><a rel=\"noreferrer noopener\" href=\"http:\/\/www.cvm.gov.br\/\" target=\"_blank\">ACESSAR P\u00c1GINA DA CVM<\/a><br><br>ESTA MODALIDADE DE INVESTIMENTO POSSUI OUTROS CUSTOS ENVOLVIDOS, ALEM DAS DESPESAS DO PR\u00d3PRIO FUNDO. ANTES DE INVESTIR, VERIFIQUE OS CUSTOS COM CORRETAGEM, EMOLUMENTOS E CUST\u00d3DIA.<br><br>O INVESTIMENTO EM FUNDOS DE \u00cdNDICE ENVOLVE RISCOS, INCLUSIVE DE DESCOLAMENTO DO \u00cdNDICE DE REFER\u00caNCIA E RELACIONADOS \u00c0 LIQUIDEZ DAS COTAS NO MERCADO SECUND\u00c1RIO. ANTES DE INVESTIR NO FUNDO, LEIA O REGULAMENTO E AS INFORMA\u00c7\u00d5ES CONSTANTES DO SITE (endere\u00e7o do website dedicado), EM ESPECIAL A SE\u00c7\u00c3O FATORES DE RISCO.\u201d; ii. \u201cAO INVESTIDOR \u00c9 RECOMENDADA A LEITURA CUIDADOSA DO REGULAMENTO DO FUNDO DE INVESTIMENTO AO APLICAR SEUS RECURSOS.\u201d; iii. \u201cESTE FUNDO DE INVESTIMENTO UTILIZA ESTRAT\u00c9GIAS COM DERIVATIVOS COMO PARTE INTEGRANTE DE SUA POL\u00cdTICA DE INVESTIMENTO. TAIS ESTRAT\u00c9GIAS, DA FORMA COMO S\u00c3O ADOTADAS, PODEM RESULTAR EM PERDAS PATRIMONIAIS PARA SEUS COTISTAS.<br><br>A presente Institui\u00e7\u00e3o aderiu ao C\u00f3digo ANBIMA de Regula\u00e7\u00e3o e Melhores Pr\u00e1ticas para os Fundos de Investimento.<br><br><a rel=\"noreferrer noopener\" href=\"https:\/\/www.anbima.com.br\/pt_br\/pagina-inicial.htm\" target=\"_blank\">ACESSAR P\u00c1GINA DA ANBIMA<\/a><\/p><label for=\"tm\" class=\"accordionitem\"><h2>Avisos<span class=\"arrow\"><span><\/span><span><\/span><\/span><\/h2><\/label><\/div><\/div><\/div>\n\n\n\n<p><\/p>\n","protected":false},"excerpt":{"rendered":"","protected":false},"author":40,"featured_media":0,"parent":2578,"menu_order":0,"comment_status":"closed","ping_status":"closed","template":"","meta":{"footnotes":""},"class_list":["post-2594","page","type-page","status-publish","hentry"],"acf":[],"jetpack_sharing_enabled":true,"_links":{"self":[{"href":"https:\/\/web.xpi.com.br\/etfs\/wp-json\/wp\/v2\/pages\/2594","targetHints":{"allow":["GET"]}}],"collection":[{"href":"https:\/\/web.xpi.com.br\/etfs\/wp-json\/wp\/v2\/pages"}],"about":[{"href":"https:\/\/web.xpi.com.br\/etfs\/wp-json\/wp\/v2\/types\/page"}],"author":[{"embeddable":true,"href":"https:\/\/web.xpi.com.br\/etfs\/wp-json\/wp\/v2\/users\/40"}],"replies":[{"embeddable":true,"href":"https:\/\/web.xpi.com.br\/etfs\/wp-json\/wp\/v2\/comments?post=2594"}],"version-history":[{"count":13,"href":"https:\/\/web.xpi.com.br\/etfs\/wp-json\/wp\/v2\/pages\/2594\/revisions"}],"predecessor-version":[{"id":3929,"href":"https:\/\/web.xpi.com.br\/etfs\/wp-json\/wp\/v2\/pages\/2594\/revisions\/3929"}],"up":[{"embeddable":true,"href":"https:\/\/web.xpi.com.br\/etfs\/wp-json\/wp\/v2\/pages\/2578"}],"wp:attachment":[{"href":"https:\/\/web.xpi.com.br\/etfs\/wp-json\/wp\/v2\/media?parent=2594"}],"curies":[{"name":"wp","href":"https:\/\/api.w.org\/{rel}","templated":true}]}}