{"id":2355,"date":"2021-07-27T16:05:53","date_gmt":"2021-07-27T19:05:53","guid":{"rendered":"https:\/\/www.xpasset.com.br\/etfs\/?page_id=2355"},"modified":"2025-06-03T16:57:49","modified_gmt":"2025-06-03T19:57:49","slug":"documentos","status":"publish","type":"page","link":"https:\/\/web.xpi.com.br\/etfs\/esge11\/documentos\/","title":{"rendered":"Documentos &#8211; ESGE11"},"content":{"rendered":"\n<div class=\"container-fluid wp-block-title-page\" class=\"wp-block-xp-asset-title-page\"><div class=\"container\"><div class=\"row\"><div class=\"col-xs-12 col-sm-12 wp-block-title-page__title\"><h1>Trend ETF EM ESG<\/h1><\/div><\/div><\/div><\/div>\n\n\n\n<div class=\"container-fluid wp-block-basket\" class=\"wp-block-xp-asset-basket\"><div class=\"container\"><div class=\"row\"><div class=\"col-sm-12 wp-block-button\"><a id=\"basket-button\" class=\"wp-cesta-ativos-button\" ticker=\"esge11\">Cesta de Ativos<\/a><\/div><\/div><\/div><\/div>\n\n\n\n<div style=\"height: 30px;\"><\/div>\n\n\n\n<div class=\"container-fluid wp-block-buttons-list\" class=\"wp-block-xp-asset-buttons-list\"><div class=\"container\"><div class=\"wp-block-buttons-list__content\"><div class=\"row\"><div class=\"col-xs-12 col-sm-12 d-flex\">\n\n<div class=\"wp-block-button\"><a class=\"wp-block-button__link\" href=\"https:\/\/www.xpasset.com.br\/etfs\/esge11\/o-fundo\/\">O fundo<\/a><\/div>\n\n\n<div class=\"wp-block-button\"><a class=\"wp-block-button__link\" href=\"https:\/\/www.xpasset.com.br\/etfs\/esge11\/historico-de-cotas\/\">Hist\u00f3rico de cotas<\/a><\/div>\n\n\n<div class=\"wp-block-button\"><a class=\"wp-block-button__link\" href=\"https:\/\/www.xpasset.com.br\/etfs\/esge11\/rentabilidade\/\">Rentabilidade<\/a><\/div>\n\n\n<div class=\"wp-block-button\"><a class=\"wp-block-button__link\" href=\"https:\/\/www.xpasset.com.br\/etfs\/esge11\/composicao-da-carteira\/\">Composi\u00e7\u00e3o da carteira<\/a><\/div>\n\n\n<div class=\"wp-block-button active\"><a class=\"wp-block-button__link\">Documentos<\/a><\/div>\n\n<\/div><\/div><\/div><\/div><\/div>\n\n\n\n<div class=\"container-fluid\" class=\"wp-block-xp-asset-line-separator\"><div class=\"container\"><span class=\"separator\"><hr class=\"wp-block-separator is-style-wide\"\/><\/span><\/div><\/div>\n\n\n\n<div class=\"container-fluid wp-block-documents-list\" class=\"wp-block-xp-asset-documents-list\"><div class=\"container\"><div class=\"row\"><div class=\"col-xs-12 col-sm-12\"><h3 class=\"wp-block-documents-list__title\">Documentos referentes ao fundo Trend ETF EM ESG<\/h3><\/div><\/div><div class=\"wp-block-documents-list__content\"><div class=\"row\">\n<div class=\"wp-block-file\"><a id=\"wp-block-file--media-d0a3bcba-a5b6-42a8-8add-f513dd23cb44\" href=\"https:\/\/www.xpasset.com.br\/etfs\/wp-content\/uploads\/sites\/10\/2021\/11\/ESGE11-Tributacao.pdf\" target=\"_blank\" rel=\"noreferrer noopener\">Tributa\u00e7\u00e3o<\/a><\/div>\n\n\n\n<div class=\"wp-block-file\"><a id=\"wp-block-file--media-f6cd172c-bc34-41d8-8cb5-cf3aec5984ee\" href=\"https:\/\/www.xpasset.com.br\/etfs\/wp-content\/uploads\/sites\/10\/2021\/11\/ESGE11-O-Indice.pdf\" target=\"_blank\" rel=\"noreferrer noopener\">O \u00cdndice<\/a><\/div>\n\n\n\n<div class=\"wp-block-file\"><a id=\"wp-block-file--media-62ce2a28-7b15-4bd2-bc0d-25e5c1ab1d6b\" href=\"https:\/\/www.xpasset.com.br\/etfs\/wp-content\/uploads\/sites\/10\/2021\/11\/ESGE11-Informacoes-Gerais.pdf\" target=\"_blank\" rel=\"noreferrer noopener\">Informa\u00e7\u00f5es Gerais<\/a><\/div>\n\n\n\n<div class=\"wp-block-file\"><a id=\"wp-block-file--media-0b634b45-78d6-4d7d-a745-7429652b53cc\" href=\"https:\/\/www.xpasset.com.br\/etfs\/wp-content\/uploads\/sites\/10\/2021\/11\/ESGE11-Fatores-de-Risco.pdf\" target=\"_blank\" rel=\"noreferrer noopener\">Fatores de Risco<\/a><\/div>\n\n\n\n<div class=\"wp-block-file\"><a id=\"wp-block-file--media-76cf7f1c-0f93-474b-a55d-eb0c0d1b44a8\" href=\"https:\/\/www.xpasset.com.br\/etfs\/wp-content\/uploads\/sites\/10\/2021\/11\/ESGE11-As-Cotas.pdf\" target=\"_blank\" rel=\"noreferrer noopener\">As Cotas<\/a><\/div>\n\n\n\n<div class=\"wp-block-file\"><a id=\"wp-block-file--media-0b661717-e61d-4fa8-a7a5-50cc3767b276\" href=\"https:\/\/www.xpasset.com.br\/etfs\/wp-content\/uploads\/sites\/10\/2021\/11\/ESGE11-Regulamento.pdf\" target=\"_blank\" rel=\"noreferrer noopener\">Regulamento<\/a><\/div>\n\n\n\n<div class=\"wp-block-file\"><a id=\"wp-block-file--media-47976b66-2206-44e8-8552-209aa346bb80\" href=\"https:\/\/www.xpasset.com.br\/etfs\/wp-content\/uploads\/sites\/10\/2021\/11\/ESGE11-Contrato-de-Agente-Autorizado.pdf\" target=\"_blank\" rel=\"noreferrer noopener\">Contrato de Agente Autorizado<\/a><\/div>\n\n\n\n<div class=\"wp-block-file\"><a id=\"wp-block-file--media-878145db-82e8-423e-8e53-e95b09a7c5a6\" href=\"https:\/\/www.xpasset.com.br\/etfs\/wp-content\/uploads\/sites\/10\/2021\/11\/ESGE11-Descricao-qualitativa-da-remuneracao-do-provedor-do-indice.pdf\" target=\"_blank\" rel=\"noreferrer noopener\">Descri\u00e7\u00e3o qualitativa da remunera\u00e7\u00e3o do provedor do \u00edndice<\/a><\/div>\n\n\n\n<div class=\"wp-block-file\"><a id=\"wp-block-file--media-01d22824-de41-473f-99eb-5128e22a4ed5\" href=\"https:\/\/www.xpasset.com.br\/etfs\/wp-content\/uploads\/sites\/10\/2022\/07\/1084462-TREND-ETF-MSCI-MERCADOS-EMERGENTES-FUNDO-DE-INVESTIMENTO-DE-INDICE-IE-032022.pdf\" target=\"_blank\" rel=\"noreferrer noopener\">Demonstra\u00e7\u00f5es Financeiras<\/a><\/div>\n\n\n\n<div class=\"wp-block-file\"><a id=\"wp-block-file--media-2650a7d0-27fa-4875-85bc-cc5d9343fc7c\" href=\"https:\/\/www.xpasset.com.br\/etfs\/wp-content\/uploads\/sites\/10\/2022\/07\/ESGE11_RELATORIO-ANUAL_2022.pdf\" target=\"_blank\" rel=\"noreferrer noopener\">Relat\u00f3rio Anual<\/a><\/div>\n\n\n\n<div class=\"wp-block-file\"><a id=\"wp-block-file--media-35910ac0-1924-415f-8609-32eb90f0cb2e\" href=\"https:\/\/www.xpasset.com.br\/etfs\/wp-content\/uploads\/sites\/10\/2022\/09\/Trend-ETF-MSCI-Emerging-Markets-ESG-FI-de-Indice-IE-Convocacao-e-Manifestacao-de-Voto.pdf\" target=\"_blank\" rel=\"noreferrer noopener\">Convoca\u00e7\u00e3o e Manifesta\u00e7\u00e3o de Voto<\/a><\/div>\n\n\n\n<div class=\"wp-block-file\"><a id=\"wp-block-file--media-c4f748d4-3d82-427e-a8b9-66929153b221\" href=\"https:\/\/www.xpasset.com.br\/etfs\/wp-content\/uploads\/sites\/10\/2022\/09\/BNP-I-Trend-ETF-MSCI-I-ESG-Memorial-de-Incorporacao-_-Incorporacao-I-16.08.2022.pdf\" target=\"_blank\" rel=\"noreferrer noopener\">Memorial de Incorpora\u00e7\u00e3o<\/a><\/div>\n\n\n\n<div class=\"wp-block-file\"><a id=\"wp-block-file--media-3ca81b21-5c32-48ab-bbe4-275cc9592265\" href=\"https:\/\/www.xpasset.com.br\/etfs\/wp-content\/uploads\/sites\/10\/2022\/09\/01_BNP-Paribas-_-Trend-ETF-MSCI-Emerging-Markets-ESG-FI-de-Indice-IE-_-Ata-AGE-_-Incorporacao-_-Incorporador.pdf\" target=\"_blank\" rel=\"noreferrer noopener\">Ata Assembleia<\/a><\/div>\n\n\n\n<div class=\"wp-block-file\"><a id=\"wp-block-file--media-f168e682-2e7f-470d-afd2-b86764bc5fd2\" href=\"https:\/\/www.xpasset.com.br\/etfs\/wp-content\/uploads\/sites\/10\/2022\/09\/02_BNP-Paribas-I-Trend-ETF-MSCI-Emerging-Markets-ESG-FI-de-Indice-IE-_-Comunicado-aos-Cotistas-_-Incorporacao-_-Incorporador.pdf\" target=\"_blank\" rel=\"noreferrer noopener\">Comunicado aos Cotistas<\/a><\/div>\n\n\n\n<div class=\"wp-block-file\"><a id=\"wp-block-file--media-47d18767-2f0e-49d4-870a-7eb63ec8ecf3\" href=\"https:\/\/www.xpasset.com.br\/etfs\/wp-content\/uploads\/sites\/10\/2022\/09\/03_BNP-I-Trend-ETF-MSCI-Emerging-Markets-ESG-FI-de-Indice-IE-I-Fato-Relevante-_-Deliberacoes-da-AGE-_-Incorporador.pdf\" target=\"_blank\" rel=\"noreferrer noopener\">Fato Relevante<\/a><\/div>\n\n\n\n<div class=\"wp-block-file\"><a id=\"wp-block-file--media-9d6a7009-52e0-4b4d-8f58-f88d7fe6801f\" href=\"https:\/\/www.xpasset.com.br\/etfs\/wp-content\/uploads\/sites\/10\/2022\/11\/BNP-I-Trend-ETF-MSCI-Emerging-Markets-ESG-FI-de-Indice-IE-I-Fato-Relevante-_-Relacoes-de-Troca-_-Incorporador.pdf\" target=\"_blank\" rel=\"noreferrer noopener\">Fato Relevante \u2013 Rela\u00e7\u00e3o de Troca &#8211; Incorporador<\/a><\/div>\n\n\n\n<div class=\"wp-block-file\"><a id=\"wp-block-file--media-e9f11fd6-e8e4-4021-b2d9-1a9fda195004\" href=\"https:\/\/www.xpasset.com.br\/etfs\/wp-content\/uploads\/sites\/10\/2022\/11\/BNP-I-Trend-ETF-MSCI-Emerging-Markets-ESG-FI-de-Indice-IE-I-Fato-Relevante_leilao-14_11_2022.pdf\">Fato Relevante \u2013 Pre\u00e7o Leil\u00e3o das Fra\u00e7\u00f5es<\/a><\/div>\n\n\n\n<div class=\"wp-block-file\"><a id=\"wp-block-file--media-dab265fd-7967-479e-93c7-a1799166c00d\" href=\"https:\/\/www.xpasset.com.br\/etfs\/wp-content\/uploads\/sites\/10\/2023\/02\/BNP-Paribas_Fato-Relevante_Convocacao-de-AGE-1.pdf\" target=\"_blank\" rel=\"noreferrer noopener\">Fato Relevante \u2013 Convoca\u00e7\u00e3o de AGE \u2013 ASIA11 x ESGE11<\/a><\/div>\n\n\n\n<div class=\"wp-block-file\"><a id=\"wp-block-file--media-dab265fd-7967-479e-93c7-a1799166c00d\" href=\"https:\/\/www.xpasset.com.br\/etfs\/wp-content\/uploads\/sites\/10\/2023\/03\/BNP_Trend-ETF-MSCI-Emerging-Markets_Fato-Relevante_-Relacoes-de-Troca-_-Incorporador.pdf\" target=\"_blank\" rel=\"noreferrer noopener\">Fato Relevante \u2013 Rela\u00e7\u00e3o de Troca ASIA11 x ESGE11- Incorporador<\/a><\/div>\n\n\n\n<div class=\"wp-block-file\"><a id=\"wp-block-file--media-dab265fd-7967-479e-93c7-a1799166c00d\" href=\"https:\/\/www.xpasset.com.br\/etfs\/wp-content\/uploads\/sites\/10\/2023\/04\/BNP-I-Trend-ETF-MSCI-Emerging-Markets-ESG-FI-de-Indice-IE-I-Fato-Relevante_leilao-06_04_2023-1.pdf\" target=\"_blank\" rel=\"noreferrer noopener\">Fato Relevante \u2013 Pre\u00e7o Leil\u00e3o das Fra\u00e7\u00f5es \u2013 Incorpora\u00e7\u00e3o ASIA11xESGE11<\/a><\/div>\n\n\n\n<div class=\"wp-block-file\"><a id=\"wp-block-file--media-94f397d1-7913-4659-8570-eb62cc109c9d\" href=\"https:\/\/www.xpasset.com.br\/etfs\/wp-content\/uploads\/sites\/10\/2023\/02\/BNP-Paribas_Memorial-de-Incorporacao-1.pdf\" target=\"_blank\" rel=\"noreferrer noopener\">Memorial de Incorpora\u00e7\u00e3o \u2013 ASIA11 x ESGE11<\/a><\/div>\n\n\n\n<div class=\"wp-block-file\"><a id=\"wp-block-file--media-fb0d6b81-a2ef-4e28-a1ef-1e5ca2767ca2\" href=\"https:\/\/www.xpasset.com.br\/etfs\/wp-content\/uploads\/sites\/10\/2023\/02\/BNP-Paribas_MSCI-EMERGING-MARKETS_Convocacao-e-Manifestacao-de-Voto_Incorporador.pdf\" target=\"_blank\" rel=\"noreferrer noopener\">Convoca\u00e7\u00e3o e Manifesta\u00e7\u00e3o de Voto \u2013 ASIA11 x ESGE11<\/a><\/div>\n\n\n\n<div class=\"wp-block-file\"><a id=\"wp-block-file--media-759258ed-3851-4412-b263-b308eab303e3\" href=\"https:\/\/web.xpi.com.br\/etfs\/wp-content\/uploads\/sites\/10\/2024\/10\/Retificacao_Convocacao_Trend-ETF-MSCI-Emerging-Markets-ESG_Incorporado.pdf\">Retifica\u00e7\u00e3o Convoca\u00e7\u00e3o Manifesta\u00e7\u00e3o Voto Trend ETF Emerging Markets ESG<\/a><\/div>\n\n\n\n<div class=\"wp-block-file\"><a id=\"wp-block-file--media-2ecd3041-c017-416f-a3d4-76ee7fd87339\" href=\"https:\/\/web.xpi.com.br\/etfs\/wp-content\/uploads\/sites\/10\/2024\/11\/TREND-ESG-E_40953725000119-ASS29102024V01-000765768_1.pdf\">Resultado AGC &#8211; Incorpora\u00e7\u00e3o<\/a><\/div>\n\n\n\n<div class=\"wp-block-file\"><a id=\"wp-block-file--media-91653854-5e75-4caa-9f3d-f0855e45034e\" href=\"https:\/\/web.xpi.com.br\/etfs\/wp-content\/uploads\/sites\/10\/2024\/12\/Fato-Relevante-_-Relacoes-de-Troca-_-Incorporado_ESGE.pdf\">Fato Relevante \u2013 Rela\u00e7\u00e3o de Troca \u2013 Incorpora\u00e7\u00e3o<\/a><\/div>\n<\/div><\/div><\/div><\/div>\n\n\n\n<div class=\"container-fluid wp-block-bgcolor-warning\" style=\"background-color:#3e97d2\" class=\"wp-block-xp-asset-bgcolor-warning\"><div class=\"container\"><div class=\"accordion\"><input type=\"checkbox\" id=\"tm\"\/><p class=\"hiddentext\">A autoriza\u00e7\u00e3o para venda e negocia\u00e7\u00e3o de cotas do fundo n\u00e3o implica, por parte da CVM, garantia de veracidade das informa\u00e7\u00f5es prestadas ou julgamento sobre a qualidade do fundo ou de seu administrado<br><br>Para confirmar se este \u00e9 um fundo cadastrado, acesse a p\u00e1gina da CVM.<br><br><a rel=\"noreferrer noopener\" href=\"http:\/\/www.cvm.gov.br\/\" target=\"_blank\">ACESSAR P\u00c1GINA DA CVM<\/a><br><br>ESTA MODALIDADE DE INVESTIMENTO POSSUI OUTROS CUSTOS ENVOLVIDOS, ALEM DAS DESPESAS DO PR\u00d3PRIO FUNDO. ANTES DE INVESTIR, VERIFIQUE OS CUSTOS COM CORRETAGEM, EMOLUMENTOS E CUST\u00d3DIA.<br><br>O INVESTIMENTO EM FUNDOS DE \u00cdNDICE ENVOLVE RISCOS, INCLUSIVE DE DESCOLAMENTO DO \u00cdNDICE DE REFER\u00caNCIA E RELACIONADOS \u00c0 LIQUIDEZ DAS COTAS NO MERCADO SECUND\u00c1RIO. ANTES DE INVESTIR NO FUNDO, LEIA O REGULAMENTO E AS INFORMA\u00c7\u00d5ES CONSTANTES DO SITE (endere\u00e7o do website dedicado), EM ESPECIAL A SE\u00c7\u00c3O FATORES DE RISCO.\u201d; ii. \u201cAO INVESTIDOR \u00c9 RECOMENDADA A LEITURA CUIDADOSA DO REGULAMENTO DO FUNDO DE INVESTIMENTO AO APLICAR SEUS RECURSOS.\u201d; iii. \u201cESTE FUNDO DE INVESTIMENTO UTILIZA ESTRAT\u00c9GIAS COM DERIVATIVOS COMO PARTE INTEGRANTE DE SUA POL\u00cdTICA DE INVESTIMENTO. TAIS ESTRAT\u00c9GIAS, DA FORMA COMO S\u00c3O ADOTADAS, PODEM RESULTAR EM PERDAS PATRIMONIAIS PARA SEUS COTISTAS.<br><br>A presente Institui\u00e7\u00e3o aderiu ao C\u00f3digo ANBIMA de Regula\u00e7\u00e3o e Melhores Pr\u00e1ticas para os Fundos de Investimento.<br><br><a rel=\"noreferrer noopener\" href=\"https:\/\/www.anbima.com.br\/pt_br\/pagina-inicial.htm\" target=\"_blank\">ACESSAR P\u00c1GINA DA ANBIMA<\/a><\/p><label for=\"tm\" class=\"accordionitem\"><h2>Avisos<span class=\"arrow\"><span><\/span><span><\/span><\/span><\/h2><\/label><\/div><\/div><\/div>\n\n\n\n<p><\/p>\n","protected":false},"excerpt":{"rendered":"","protected":false},"author":40,"featured_media":0,"parent":2343,"menu_order":0,"comment_status":"closed","ping_status":"closed","template":"","meta":{"footnotes":""},"class_list":["post-2355","page","type-page","status-publish","hentry"],"acf":[],"jetpack_sharing_enabled":true,"_links":{"self":[{"href":"https:\/\/web.xpi.com.br\/etfs\/wp-json\/wp\/v2\/pages\/2355","targetHints":{"allow":["GET"]}}],"collection":[{"href":"https:\/\/web.xpi.com.br\/etfs\/wp-json\/wp\/v2\/pages"}],"about":[{"href":"https:\/\/web.xpi.com.br\/etfs\/wp-json\/wp\/v2\/types\/page"}],"author":[{"embeddable":true,"href":"https:\/\/web.xpi.com.br\/etfs\/wp-json\/wp\/v2\/users\/40"}],"replies":[{"embeddable":true,"href":"https:\/\/web.xpi.com.br\/etfs\/wp-json\/wp\/v2\/comments?post=2355"}],"version-history":[{"count":20,"href":"https:\/\/web.xpi.com.br\/etfs\/wp-json\/wp\/v2\/pages\/2355\/revisions"}],"predecessor-version":[{"id":4033,"href":"https:\/\/web.xpi.com.br\/etfs\/wp-json\/wp\/v2\/pages\/2355\/revisions\/4033"}],"up":[{"embeddable":true,"href":"https:\/\/web.xpi.com.br\/etfs\/wp-json\/wp\/v2\/pages\/2343"}],"wp:attachment":[{"href":"https:\/\/web.xpi.com.br\/etfs\/wp-json\/wp\/v2\/media?parent=2355"}],"curies":[{"name":"wp","href":"https:\/\/api.w.org\/{rel}","templated":true}]}}