{"id":154,"date":"2020-11-17T16:21:51","date_gmt":"2020-11-17T19:21:51","guid":{"rendered":"https:\/\/web.xpi.com.br\/etfs\/?page_id=154"},"modified":"2021-10-13T16:05:39","modified_gmt":"2021-10-13T19:05:39","slug":"gold11","status":"publish","type":"page","link":"https:\/\/web.xpi.com.br\/etfs\/gold11\/","title":{"rendered":"Home  &#8211; GOLD11"},"content":{"rendered":"\n<div class=\"container-fluid wp-block-hero-image-text-cta\" style=\"background-image: url(https:\/\/www.xpasset.com.br\/etfs\/wp-content\/uploads\/sites\/10\/2021\/10\/hero_gold11.png)\" class=\"wp-block-xp-asset-hero-image-text-cta\"><div class=\"container\"><div class=\"row\"><div class=\"col-lg-5\"><div class=\"wp-block-hero-image-text-cta__text text-white\"><h3>Trend ETF LBMA Ouro<\/h3><p>Primeira estrat\u00e9gia de ETF do mercado brasileiro referenciado a commodity de Ouro<\/p><\/div><div class=\"wp-block-hero-image-text-cta__button\">\n<div class=\"wp-block-button\"><a class=\"wp-block-button__link\" href=\"https:\/\/www.xpasset.com.br\/etfs\/gold11\/o-fundo\/\">Conhe\u00e7a o fundo<\/a><\/div>\n<\/div><\/div><\/div><\/div><\/div>\n\n\n\n<div class=\"container-fluid wp-block-title-page\" class=\"wp-block-xp-asset-title-page\"><div class=\"container\"><div class=\"row\"><div class=\"col-xs-12 col-sm-12 wp-block-title-page__title\"><h1>Conhe\u00e7a o Trend ETF LBMA Ouro<\/h1><\/div><\/div><\/div><\/div>\n\n\n\n<div class=\"container-fluid wp-block-text-two-coluns\" class=\"wp-block-xp-asset-text-two-coluns\"><div class=\"container\"><div class=\"wp-block-text-two-coluns__content\"><div class=\"row\">\n<div class=\"col-12 col-sm-12 col-md-6 col-lg-6 col-xl-6 wp-block-text-two-coluns__content__item\" class=\"wp-block-xp-asset-text-two-coluns-item\"><h2><\/h2><p>O Trend ETF LBMA Ouro \u00e9 mais uma novidade dos produtos ETFs da fam\u00edlia Trend. Constitu\u00eddo sob a forma de condom\u00ednio aberto, \u00e9 um fundo de investimento em cotas de fundo de \u00edndice. Ele busca retornos de investimentos que correspondam, de forma geral, \u00e0 performance do fundo de \u00edndice Ishares Gold Trust, gerido pela BlackRock.<br><br><\/p><\/div>\n<\/div><\/div><\/div><\/div>\n\n\n\n<div class=\"container-fluid wp-block-bgcolor-image-text\" style=\"background-color:#3e97d2\" class=\"wp-block-xp-asset-bgcolor-image-text\"><div class=\"container\"><div class=\"row\"><div class=\"col-lg-6 text-fluid-block\">\n<figure class=\"wp-block-image size-large\"><img loading=\"lazy\" decoding=\"async\" width=\"600\" height=\"536\" src=\"https:\/\/web.xpi.com.br\/etfs\/wp-content\/uploads\/sites\/10\/2020\/11\/shutterstock_1315738712.png?w=600\" alt=\"\" class=\"wp-image-228\" srcset=\"https:\/\/web.xpi.com.br\/etfs\/wp-content\/uploads\/sites\/10\/2020\/11\/shutterstock_1315738712.png 600w, https:\/\/web.xpi.com.br\/etfs\/wp-content\/uploads\/sites\/10\/2020\/11\/shutterstock_1315738712.png?resize=300,268 300w\" sizes=\"auto, (max-width: 600px) 100vw, 600px\" \/><\/figure>\n<\/div><div class=\"col-lg-5 offset-lg-1 text-fluid-block\"><div class=\"wp-block-bgcolor-image-text-text text-white\"><h3>O que \u00e9 um<br>Fundo de \u00edndice?<\/h3><p>O ETF (Exchange Traded Fund ou Fundo de \u00cdndice) \u00e9 um fundo de investimento inovador, que pode ser comprado ou vendido como uma a\u00e7\u00e3o no preg\u00e3o da B3, por meio de uma corretora.\u00a0 O ETF replica a carteira de ativos de um \u00edndice do mercado, oferendo uma excelente op\u00e7\u00e3o de diversifica\u00e7\u00e3o de forma simplificada.<br><br><\/p><\/div><\/div><\/div><\/div><\/div>\n\n\n\n<div class=\"container-fluid wp-block-title-page\" class=\"wp-block-xp-asset-title-page\"><div class=\"container\"><div class=\"row\"><div class=\"col-xs-12 col-sm-12 wp-block-title-page__title\"><h1>Por que investir em ETFs?<\/h1><\/div><\/div><\/div><\/div>\n\n\n\n<div class=\"container-fluid wp-block-text-two-coluns\" class=\"wp-block-xp-asset-text-two-coluns\"><div class=\"container\"><div class=\"wp-block-text-two-coluns__content\"><div class=\"row\">\n<div class=\"col-12 col-sm-12 col-md-6 col-lg-6 col-xl-6 wp-block-text-two-coluns__content__item\" class=\"wp-block-xp-asset-text-two-coluns-item\"><h2>Diversifica\u00e7\u00e3o<\/h2><p>Internacionalmente aceito, \u00e9 uma boa op\u00e7\u00e3o para trazer mais seguran\u00e7a e prote\u00e7\u00e3o para carteira;<\/p><\/div>\n\n\n\n<div class=\"col-12 col-sm-12 col-md-6 col-lg-6 col-xl-6 wp-block-text-two-coluns__content__item\" class=\"wp-block-xp-asset-text-two-coluns-item\"><h2>Alternativa de investimento<\/h2><p>Para \u00e9pocas de crise financeira, buscando uma forma de diversifica\u00e7\u00e3o dado a baixa correla\u00e7\u00e3o com o mercado.<\/p><\/div>\n<\/div><\/div><\/div><\/div>\n","protected":false},"excerpt":{"rendered":"","protected":false},"author":32,"featured_media":0,"parent":0,"menu_order":0,"comment_status":"closed","ping_status":"closed","template":"","meta":{"footnotes":""},"class_list":["post-154","page","type-page","status-publish","hentry"],"acf":[],"jetpack_sharing_enabled":true,"_links":{"self":[{"href":"https:\/\/web.xpi.com.br\/etfs\/wp-json\/wp\/v2\/pages\/154","targetHints":{"allow":["GET"]}}],"collection":[{"href":"https:\/\/web.xpi.com.br\/etfs\/wp-json\/wp\/v2\/pages"}],"about":[{"href":"https:\/\/web.xpi.com.br\/etfs\/wp-json\/wp\/v2\/types\/page"}],"author":[{"embeddable":true,"href":"https:\/\/web.xpi.com.br\/etfs\/wp-json\/wp\/v2\/users\/32"}],"replies":[{"embeddable":true,"href":"https:\/\/web.xpi.com.br\/etfs\/wp-json\/wp\/v2\/comments?post=154"}],"version-history":[{"count":27,"href":"https:\/\/web.xpi.com.br\/etfs\/wp-json\/wp\/v2\/pages\/154\/revisions"}],"predecessor-version":[{"id":3081,"href":"https:\/\/web.xpi.com.br\/etfs\/wp-json\/wp\/v2\/pages\/154\/revisions\/3081"}],"wp:attachment":[{"href":"https:\/\/web.xpi.com.br\/etfs\/wp-json\/wp\/v2\/media?parent=154"}],"curies":[{"name":"wp","href":"https:\/\/api.w.org\/{rel}","templated":true}]}}