{"id":1440,"date":"2021-03-24T14:14:12","date_gmt":"2021-03-24T17:14:12","guid":{"rendered":"https:\/\/www.xpasset.com.br\/etfs\/?page_id=1440"},"modified":"2021-09-29T14:09:16","modified_gmt":"2021-09-29T17:09:16","slug":"nasd11","status":"publish","type":"page","link":"https:\/\/web.xpi.com.br\/etfs\/nasd11\/","title":{"rendered":"Home  &#8211; NASD11"},"content":{"rendered":"\n<div class=\"container-fluid wp-block-hero-image-text-cta\" style=\"background-image: url(https:\/\/cms-xp-preprod.go-vip.net\/etfs\/wp-content\/uploads\/sites\/20\/2021\/03\/hero-nasd.png)\">\n\t<div class=\"container\">\n\t\t<div class=\"row\">\n\t\t\t<div class=\"col-lg-5\">\n\t\t\t\t<div class=\"wp-block-hero-image-text-cta__text text-white\">\n\t\t\t\t\t<h3>Trend <br>ETF Nasdaq 100<\/h3>\n\t\t\t\t\t<p>Invista nas empresas listadas na bolsa Nasdaq.<\/p>\n\t\t\t\t<\/div>\n\t\t\t\t<div class=\"wp-block-hero-image-text-cta__button\">\n\t\t\t\t\t<div class=\"wp-block-button\">\n\t\t\t\t\t\t<a class=\"wp-block-button__link\" href=\"https:\/\/www.xpasset.com.br\/etfs\/nasd11\/o-fundo\/\">Conhe\u00e7a o fundo<\/a>\n\t\t\t\t\t<\/div>\n\t\t\t\t<\/div>\n\t\t\t\t<div class=\"wp-block-hero-image-text-cta__text text-white\">\n          <p style=\"font-size: 12px; margin-top: 50px; margin-bottom: 0; position: absolute;\">Photography courtesy of Nasdaq, Inc.<\/p>\n\t\t  \t<\/div>\n\t\t\t<\/div>\n\t\t<\/div>\n\t<\/div>\n<\/div>\n\n\n\n<div class=\"container-fluid wp-block-title-page\" class=\"wp-block-xp-asset-title-page\"><div class=\"container\"><div class=\"row\"><div class=\"col-xs-12 col-sm-12 wp-block-title-page__title\"><h1>Trend ETF Nasdaq<\/h1><\/div><\/div><\/div><\/div>\n\n\n\n<div class=\"container-fluid wp-block-text-two-coluns\" class=\"wp-block-xp-asset-text-two-coluns\"><div class=\"container\"><div class=\"wp-block-text-two-coluns__content\"><div class=\"row\">\n<div class=\"col-12 col-sm-12 col-md-6 col-lg-6 col-xl-6 wp-block-text-two-coluns__content__item\" class=\"wp-block-xp-asset-text-two-coluns-item\"><h2><\/h2><p>O ETF ter\u00e1 exposi\u00e7\u00e3o ao fundo alvo INVESCO QQQ TRUST SERIES 1. O \u00edndice NASDAQ100 \u00e9 um \u00edndice constitu\u00eddo pelas 100 principais empresas listadas na bolsa NASDAQ, que \u00e9 a segunda maior do mundo. As empresas listadas nesse \u00edndice fazem parte de diversos setores, como tecnologia, telecomunica\u00e7\u00f5es, biotecnologia, m\u00eddia e servi\u00e7os.<br><br><br><br><\/p><\/div>\n<\/div><\/div><\/div><\/div>\n\n\n\n<div class=\"container-fluid wp-block-bgcolor-image-text\" style=\"background-color:#3e97d2\" class=\"wp-block-xp-asset-bgcolor-image-text\"><div class=\"container\"><div class=\"row\"><div class=\"col-lg-6 text-fluid-block\">\n<figure class=\"wp-block-image size-large\"><img decoding=\"async\" src=\"https:\/\/cms-xp-preprod.go-vip.net\/etfs\/wp-content\/uploads\/sites\/20\/2020\/11\/shutterstock_1315738712.png\" alt=\"\" class=\"wp-image-391\"\/><\/figure>\n<\/div><div class=\"col-lg-5 offset-lg-1 text-fluid-block\"><div class=\"wp-block-bgcolor-image-text-text text-white\"><h3>O que \u00e9 um<br>Fundo de \u00edndice?<\/h3><p>O ETF (Exchange Traded Fund ou Fundo de \u00cdndice) \u00e9 um fundo de investimento inovador, que pode ser comprado ou vendido como uma a\u00e7\u00e3o no preg\u00e3o da B3, por meio de uma corretora.\u00a0 O ETF replica a carteira de ativos de um \u00edndice do mercado, oferendo uma excelente op\u00e7\u00e3o de diversifica\u00e7\u00e3o de forma simplificada.<\/p><\/div><\/div><\/div><\/div><\/div>\n\n\n\n<div class=\"container-fluid wp-block-title-page\" class=\"wp-block-xp-asset-title-page\"><div class=\"container\"><div class=\"row\"><div class=\"col-xs-12 col-sm-12 wp-block-title-page__title\"><h1>Por que investir em ETFs?<\/h1><\/div><\/div><\/div><\/div>\n\n\n\n<div class=\"container-fluid wp-block-text-three-coluns\" class=\"wp-block-xp-asset-text-three-coluns\"><div class=\"container\"><div class=\"wp-block-text-three-coluns__content\"><div class=\"row\">\n<div class=\"col-12 col-sm-12 col-md-4 col-lg-4 col-xl-4 wp-block-text-three-coluns__content__item\" class=\"wp-block-xp-asset-text-three-coluns-item\"><h2>Acesso \u00e0s principais empresas<br>listadas Americanas e Internacionais<\/h2><p>O \u00edndice de refer\u00eancia \u00e9 constitu\u00eddo pelas 100 principais empresas listadas na bolsa NASDAQ, com posi\u00e7\u00e3o em empresas como Apple, Facebook e Microsoft.<\/p><\/div>\n\n\n\n<div class=\"col-12 col-sm-12 col-md-4 col-lg-4 col-xl-4 wp-block-text-three-coluns__content__item\" class=\"wp-block-xp-asset-text-three-coluns-item\"><h2>Alta liquidez no mercado <br>secund\u00e1rio<\/h2><p>Para \u00e9pocas de crise financeira, buscando uma forma de diversifica\u00e7\u00e3o.<br>Como as cotas dos ETFs s\u00e3o negociadas na bolsa de valores, voc\u00ea tem a facilidade de poder compr\u00e1-las ou vend\u00ea-las quando desejar pela sua corretora de prefer\u00eancia.<\/p><\/div>\n<\/div><\/div><\/div><\/div>\n","protected":false},"excerpt":{"rendered":"<p>Trend ETF Nasdaq 100 Invista nas empresas listadas na bolsa Nasdaq. Conhe\u00e7a o fundo Photography courtesy of Nasdaq, Inc.<\/p>\n","protected":false},"author":32,"featured_media":0,"parent":0,"menu_order":0,"comment_status":"closed","ping_status":"closed","template":"","meta":{"footnotes":""},"class_list":["post-1440","page","type-page","status-publish","hentry"],"acf":[],"jetpack_sharing_enabled":true,"_links":{"self":[{"href":"https:\/\/web.xpi.com.br\/etfs\/wp-json\/wp\/v2\/pages\/1440","targetHints":{"allow":["GET"]}}],"collection":[{"href":"https:\/\/web.xpi.com.br\/etfs\/wp-json\/wp\/v2\/pages"}],"about":[{"href":"https:\/\/web.xpi.com.br\/etfs\/wp-json\/wp\/v2\/types\/page"}],"author":[{"embeddable":true,"href":"https:\/\/web.xpi.com.br\/etfs\/wp-json\/wp\/v2\/users\/32"}],"replies":[{"embeddable":true,"href":"https:\/\/web.xpi.com.br\/etfs\/wp-json\/wp\/v2\/comments?post=1440"}],"version-history":[{"count":9,"href":"https:\/\/web.xpi.com.br\/etfs\/wp-json\/wp\/v2\/pages\/1440\/revisions"}],"predecessor-version":[{"id":3091,"href":"https:\/\/web.xpi.com.br\/etfs\/wp-json\/wp\/v2\/pages\/1440\/revisions\/3091"}],"wp:attachment":[{"href":"https:\/\/web.xpi.com.br\/etfs\/wp-json\/wp\/v2\/media?parent=1440"}],"curies":[{"name":"wp","href":"https:\/\/api.w.org\/{rel}","templated":true}]}}